{"id":13,"date":"2026-03-16T08:18:20","date_gmt":"2026-03-16T07:18:20","guid":{"rendered":"https:\/\/walter-koenig.hr\/web\/?page_id=13"},"modified":"2026-03-23T20:43:18","modified_gmt":"2026-03-23T19:43:18","slug":"durch-aktive-partnerschaft-zu-gesundem-wachstum","status":"publish","type":"page","link":"https:\/\/walter-koenig.hr\/de\/durch-aktive-partnerschaft-zu-gesundem-wachstum\/","title":{"rendered":"Durch aktive Partnerschaft f\u00fcr gesundem Wachstum"},"content":{"rendered":"<p>Hohes Engagement und au\u00dfergew\u00f6hnliche Leistungen in Beratung, Entwicklung, Konstruktion und Fertigung machen uns zum aktiven Partner unserer Kunden. Entsprechend gro\u00df ist das Vertrauen, das sie uns entgegenbringen.<\/p>\n<p>Aktive Partnerschaft hei\u00dft f\u00fcr uns, all unser Wissen und K\u00f6nnen einzusetzen, um immer wieder aufs Neue die beste Idee zu realisieren.<\/p>\n<p>Unser Unternehmen ist ein Ausbildungsbetrieb. Dadurch sind wir in der Lage, unseren Beitrag zur Qualifikation unserer Fachkr\u00e4fte zu leisten. Durch interne wie externe Weiterbildungsma\u00dfnahmen aktualisieren wir laufend das Know-how unserer Mitarbeiter und tragen auch auf diese Weise zu einer hohen Motivation f\u00fcr die jeweiligen Aufgaben bei.<\/p>\n<p>Dar\u00fcber hinaus halten wir unseren Maschinenpark auf dem neuesten Stand der Technik, damit wir unseren Kunden stets optimale Qualit\u00e4t bei h\u00f6chster Fertigungseffizienz bieten k\u00f6nnen.<\/p>\n","protected":false},"excerpt":{"rendered":"<p>Hohes Engagement und au\u00dfergew\u00f6hnliche Leistungen in Beratung, Entwicklung, Konstruktion und Fertigung machen uns zum aktiven Partner unserer Kunden. Entsprechend gro\u00df ist das Vertrauen, das sie uns entgegenbringen. Aktive Partnerschaft hei\u00dft f\u00fcr uns, all unser Wissen und K\u00f6nnen einzusetzen, um immer wieder aufs Neue die beste Idee zu realisieren. Unser Unternehmen ist ein Ausbildungsbetrieb. Dadurch sind [&hellip;]<\/p>\n","protected":false},"author":1,"featured_media":169,"parent":0,"menu_order":0,"comment_status":"closed","ping_status":"closed","template":"","meta":{"footnotes":""},"class_list":["post-13","page","type-page","status-publish","has-post-thumbnail","czr-hentry"],"_links":{"self":[{"href":"https:\/\/walter-koenig.hr\/de\/wp-json\/wp\/v2\/pages\/13","targetHints":{"allow":["GET"]}}],"collection":[{"href":"https:\/\/walter-koenig.hr\/de\/wp-json\/wp\/v2\/pages"}],"about":[{"href":"https:\/\/walter-koenig.hr\/de\/wp-json\/wp\/v2\/types\/page"}],"author":[{"embeddable":true,"href":"https:\/\/walter-koenig.hr\/de\/wp-json\/wp\/v2\/users\/1"}],"replies":[{"embeddable":true,"href":"https:\/\/walter-koenig.hr\/de\/wp-json\/wp\/v2\/comments?post=13"}],"version-history":[{"count":2,"href":"https:\/\/walter-koenig.hr\/de\/wp-json\/wp\/v2\/pages\/13\/revisions"}],"predecessor-version":[{"id":122,"href":"https:\/\/walter-koenig.hr\/de\/wp-json\/wp\/v2\/pages\/13\/revisions\/122"}],"wp:featuredmedia":[{"embeddable":true,"href":"https:\/\/walter-koenig.hr\/de\/wp-json\/wp\/v2\/media\/169"}],"wp:attachment":[{"href":"https:\/\/walter-koenig.hr\/de\/wp-json\/wp\/v2\/media?parent=13"}],"curies":[{"name":"wp","href":"https:\/\/api.w.org\/{rel}","templated":true}]}}