{"id":1782,"date":"2026-04-01T20:40:10","date_gmt":"2026-04-01T18:40:10","guid":{"rendered":"https:\/\/walter-koenig.hr\/?page_id=1782"},"modified":"2026-04-01T22:44:06","modified_gmt":"2026-04-01T20:44:06","slug":"maschinenbediener-abkantpressen-m-w-d","status":"publish","type":"page","link":"https:\/\/walter-koenig.hr\/de\/maschinenbediener-abkantpressen-m-w-d\/","title":{"rendered":"Maschinenbediener Abkantpressen (m\/w\/d)"},"content":{"rendered":"<p>Walter K\u00f6nig Croatia d.o.o. ist ein auf Metallverarbeitung spezialisiertes Unternehmen. Wir arbeiten f\u00fcr namhafte Kunden aus verschiedenen Branchen.<br \/>\nNeben den ausgeschriebenen Stellen k\u00f6nnen Sie sich auch direkt bei uns bewerben. Wir ber\u00fccksichtigen Sie gerne, sobald wir einen Mitarbeiter mit Ihrem Profil ben\u00f6tigen.<\/p>\n<h3>Stellenbezeichnung: Maschinenbediener Abkantpressen (m\/w\/d)<\/h3>\n<p><strong>Ihr Aufgabenbereich:<\/strong><\/p>\n<ul>\n<li>Bedienen und Programmieren von Abkantpressen (Trumpf)<\/li>\n<\/ul>\n<p><strong>Ihre Voraussetzungen und pers\u00f6nliche St\u00e4rken:<\/strong><\/p>\n<ul>\n<li>Abgeschlossene Ausbildung in der Feinblechtechnik<br \/>\noder als Industriemechaniker<\/li>\n<li>Sehr gute Kenntnisse beim Abkanten<\/li>\n<li>Mehrj\u00e4hrige Berufserfahrung im Programmieren und Bedienen von Abkantpressen<\/li>\n<li>Hohes technisches Verst\u00e4ndnis<\/li>\n<li>Bereitschaft zur Schichtarbeit (2-Schichtbetrieb)<\/li>\n<li>Selbst\u00e4ndiges, eigenverantwortliches und qualit\u00e4tsorientiertes Arbeiten<\/li>\n<li>Zuverl\u00e4ssigkeit<\/li>\n<li>Teamf\u00e4higkeit<\/li>\n<\/ul>\n<p><strong>Wir bieten:<\/strong><\/p>\n<ul>\n<li>M\u00f6glichkeiten zur pers\u00f6nlichen und beruflichen Weiterentwicklung in einem modernen Unternehmen<\/li>\n<li>Aktive Beteiligung am Unternehmenserfolg<\/li>\n<li>Positives Arbeitsumfeld in einem motivierten Team mit attraktiver Verg\u00fctung<\/li>\n<\/ul>\n<p><strong>Bei Interesse senden Sie uns bitte Ihre vollst\u00e4ndigen Bewerbungsunterlagen \u00fcber das untenstehende Formular.<\/strong><\/p>\n<p>Bitte keine Bewerbungen von Personalvermittlungsagenturen (dieses Formular dient der direkten Bewerbung von potenziellen Mitarbeitern).<\/p>\n\n<div class=\"wpcf7 no-js\" id=\"wpcf7-f1746-o1\" lang=\"de-DE\" dir=\"ltr\" data-wpcf7-id=\"1746\">\n<div class=\"screen-reader-response\"><p role=\"status\" aria-live=\"polite\" aria-atomic=\"true\"><\/p> <ul><\/ul><\/div>\n<form action=\"\/de\/wp-json\/wp\/v2\/pages\/1782#wpcf7-f1746-o1\" method=\"post\" class=\"wpcf7-form init\" aria-label=\"Kontaktformular\" enctype=\"multipart\/form-data\" novalidate=\"novalidate\" data-status=\"init\">\n<fieldset class=\"hidden-fields-container\"><input type=\"hidden\" name=\"_wpcf7\" value=\"1746\" \/><input type=\"hidden\" name=\"_wpcf7_version\" value=\"6.1.5\" \/><input type=\"hidden\" name=\"_wpcf7_locale\" value=\"de_DE\" \/><input type=\"hidden\" name=\"_wpcf7_unit_tag\" value=\"wpcf7-f1746-o1\" \/><input type=\"hidden\" name=\"_wpcf7_container_post\" value=\"0\" \/><input type=\"hidden\" name=\"_wpcf7_posted_data_hash\" value=\"\" \/><input type=\"hidden\" name=\"_wpcf7_recaptcha_response\" value=\"\" \/>\n<\/fieldset>\n<p><label> Ihre Name (Pflichtfeld)<br \/>\n<span class=\"wpcf7-form-control-wrap\" data-name=\"your-name\"><input size=\"40\" maxlength=\"400\" class=\"wpcf7-form-control wpcf7-text wpcf7-validates-as-required\" autocomplete=\"name\" aria-required=\"true\" aria-invalid=\"false\" value=\"\" type=\"text\" name=\"your-name\" \/><\/span> <\/label>\n<\/p>\n<p><label> Ihre E-Mail-Adresse (Pflichtfeld)<br \/>\n<span class=\"wpcf7-form-control-wrap\" data-name=\"your-email\"><input size=\"40\" maxlength=\"400\" class=\"wpcf7-form-control wpcf7-email wpcf7-validates-as-required wpcf7-text wpcf7-validates-as-email\" autocomplete=\"email\" aria-required=\"true\" aria-invalid=\"false\" value=\"\" type=\"email\" name=\"your-email\" \/><\/span> <\/label>\n<\/p>\n<p><label> Nachrichtentitel<br \/>\n<span class=\"wpcf7-form-control-wrap\" data-name=\"your-subject\"><input size=\"40\" maxlength=\"400\" class=\"wpcf7-form-control wpcf7-text wpcf7-validates-as-required\" aria-required=\"true\" aria-invalid=\"false\" value=\"\" type=\"text\" name=\"your-subject\" \/><\/span> <\/label>\n<\/p>\n<p><label> Ihre Nachricht<br \/>\n<span class=\"wpcf7-form-control-wrap\" data-name=\"your-message\"><textarea cols=\"40\" rows=\"10\" maxlength=\"2000\" class=\"wpcf7-form-control wpcf7-textarea\" aria-invalid=\"false\" name=\"your-message\"><\/textarea><\/span> <\/label>\n<\/p>\n<p><label> F\u00fcgen Sie Ihren Lebenslauf bei<br \/>\n<span class=\"wpcf7-form-control-wrap\" data-name=\"your-file\"><input size=\"40\" class=\"wpcf7-form-control wpcf7-file\" accept=\".pdf,.doc,.docx,.odt\" aria-invalid=\"false\" type=\"file\" name=\"your-file\" \/><\/span><br \/>\n<\/label><label><br \/>\n\u00a0<br \/>\n<\/label><label>DSGVO-Einwilligung \u2013 Einwilligung zur Nutzung personenbezogener Daten<\/label><span class=\"wpcf7-form-control-wrap\" data-name=\"acceptance-308\"><span class=\"wpcf7-form-control wpcf7-acceptance\"><span class=\"wpcf7-list-item\"><label><input type=\"checkbox\" name=\"acceptance-308\" value=\"1\" aria-invalid=\"false\" \/><span class=\"wpcf7-list-item-label\">Ich stimme zu, dass Walter K\u00f6nig Croatia d.o.o. meine personenbezogenen Daten zum Zweck der Bearbeitung meiner Bewerbung und gem\u00e4\u00df den <a href=\"https:\/\/walter-koenig.hr\/de\/datenschutz\/\">Datenschutzbestimmungen<\/a> speichert.<\/span><\/label><\/span><\/span><\/span>\n<\/p>\n<p><input class=\"wpcf7-form-control wpcf7-submit has-spinner\" type=\"submit\" value=\"Senden\" \/>\n<\/p><div class=\"wpcf7-response-output\" aria-hidden=\"true\"><\/div>\n<\/form>\n<\/div>\n\n","protected":false},"excerpt":{"rendered":"<p>Walter K\u00f6nig Croatia d.o.o. ist ein auf Metallverarbeitung spezialisiertes Unternehmen. Wir arbeiten f\u00fcr namhafte Kunden aus verschiedenen Branchen. Neben den ausgeschriebenen Stellen k\u00f6nnen Sie sich auch direkt bei uns bewerben. Wir ber\u00fccksichtigen Sie gerne, sobald wir einen Mitarbeiter mit Ihrem Profil ben\u00f6tigen. Stellenbezeichnung: Maschinenbediener Abkantpressen (m\/w\/d) Ihr Aufgabenbereich: Bedienen und Programmieren von Abkantpressen (Trumpf) Ihre [&hellip;]<\/p>\n","protected":false},"author":1,"featured_media":0,"parent":0,"menu_order":0,"comment_status":"closed","ping_status":"closed","template":"","meta":{"footnotes":""},"class_list":["post-1782","page","type-page","status-publish","czr-hentry"],"_links":{"self":[{"href":"https:\/\/walter-koenig.hr\/de\/wp-json\/wp\/v2\/pages\/1782","targetHints":{"allow":["GET"]}}],"collection":[{"href":"https:\/\/walter-koenig.hr\/de\/wp-json\/wp\/v2\/pages"}],"about":[{"href":"https:\/\/walter-koenig.hr\/de\/wp-json\/wp\/v2\/types\/page"}],"author":[{"embeddable":true,"href":"https:\/\/walter-koenig.hr\/de\/wp-json\/wp\/v2\/users\/1"}],"replies":[{"embeddable":true,"href":"https:\/\/walter-koenig.hr\/de\/wp-json\/wp\/v2\/comments?post=1782"}],"version-history":[{"count":4,"href":"https:\/\/walter-koenig.hr\/de\/wp-json\/wp\/v2\/pages\/1782\/revisions"}],"predecessor-version":[{"id":1905,"href":"https:\/\/walter-koenig.hr\/de\/wp-json\/wp\/v2\/pages\/1782\/revisions\/1905"}],"wp:attachment":[{"href":"https:\/\/walter-koenig.hr\/de\/wp-json\/wp\/v2\/media?parent=1782"}],"curies":[{"name":"wp","href":"https:\/\/api.w.org\/{rel}","templated":true}]}}