{"id":812,"date":"2026-03-26T21:02:11","date_gmt":"2026-03-26T20:02:11","guid":{"rendered":"https:\/\/walter-koenig.hr\/web\/?page_id=812"},"modified":"2026-04-02T13:14:20","modified_gmt":"2026-04-02T11:14:20","slug":"datenschutz","status":"publish","type":"page","link":"https:\/\/walter-koenig.hr\/de\/datenschutz\/","title":{"rendered":"Datenschutz"},"content":{"rendered":"<h2>Datenschutzerkl\u00e4rung der Website und Informationen f\u00fcr betroffene Personen gem\u00e4\u00df Artikel 13 und 14 der EU-Datenschutz-Grundverordnung (DSGVO)<\/h2>\n<h3>Allgemeine Angaben<br \/>\nAngaben zur verantwortlichen Stelle<\/h3>\n<p><strong>Unternehmen:<\/strong> Walter K\u00f6nig Croatia d.o.o.<br \/>\n<strong>Gesetzlicher Vertreter:<\/strong> Dierk Mohr<br \/>\n<strong>Adresse:<\/strong> Kolodvorska 42, 32000 Vukovar, Kroatien<br \/>\n<strong>Kontaktdaten Datenschutzbeauftragter:<\/strong> tajnistvo@koenig-online.net<\/p>\n<h3>Allgemeine Datenverarbeitungs-Informationen<\/h3>\n<p><strong>Betroffene Daten:<\/strong><br \/>\nPersonenbezogene Daten werden nur erhoben, wenn Sie uns diese von sich aus mitteilen. Dar\u00fcber hinaus werden keine personenbezogenen Daten erhoben. Eine \u00fcber die Reichweite der gesetzlichen Erlaubnistatbest\u00e4nde hinausgehende Verarbeitung Ihrer personenbezogenen Daten erfolgt nur auf Grundlage Ihrer ausdr\u00fccklichen Einwilligung.<\/p>\n<p><strong>Verarbeitungszweck:<\/strong> Vertragsdurchf\u00fchrung.<\/p>\n<p><strong>Kategorien von Empf\u00e4ngern:<\/strong><br \/>\n\u00d6ffentliche Stellen bei Vorliegen vorrangiger Rechtsvorschriften.<br \/>\nExterne Dienstleister oder sonstige Auftragnehmer.<br \/>\nWeitere externe Stellen soweit der Betroffene seine Einwilligung erteilt hat oder eine \u00dcbermittlung aus \u00fcberwiegendem Interesse zul\u00e4ssig ist.<\/p>\n<p><strong>Drittlandtransfers:<\/strong><br \/>\nIm Rahmen der Vertragsdurchf\u00fchrung k\u00f6nnen auch Auftragsverarbeiter au\u00dferhalb der Europ\u00e4ischen Union zum Einsatz kommen.<\/p>\n<p><strong>Dauer Datenspeicherung:<\/strong><br \/>\nDie Dauer der Datenspeicherung richtet sich nach den gesetzlichen Aufbewahrungspflichten und betr\u00e4gt in der Regel 10 Jahre.<\/p>\n<h3>Angaben zu weiteren Datenverarbeitungsverfahren<br \/>\nSpezifische Angaben zum Bewerbungsverfahren<\/h3>\n<p><strong>Betroffene Daten:<\/strong> Bewerbungsangaben<\/p>\n<p><strong>Verarbeitungszweck:<\/strong> Durchf\u00fchrung Bewerbungsverfahren.<\/p>\n<p><strong>Kategorien von Empf\u00e4ngern:<\/strong><br \/>\n\u00d6ffentliche Stellen bei Vorliegen vorrangiger Rechtsvorschriften.<br \/>\nExterne Dienstleister oder sonstige Auftragnehmer, u.a. zur Datenverarbeitung und Hosting.<br \/>\nWeitere externe Stellen soweit der Betroffene seine Einwilligung erteilt hat oder eine \u00dcbermittlung aus \u00fcberwiegendem Interesse zul\u00e4ssig ist.<\/p>\n<p><strong>Drittlandtransfers:<\/strong> Keiner<\/p>\n<p><strong>Dauer Datenspeicherung:<\/strong><br \/>\nBewerbungsdaten werden nach Mitteilung der Entscheidung in der Regel binnen sechs Monaten gel\u00f6scht, soweit nicht eine<br \/>\nEinwilligung in eine l\u00e4ngere Datenspeicherung im Rahme der Aufnahme in den Bewerberpool vorliegt.<\/p>\n<h3>Spezifische Angaben zur Verarbeitung von Kundendaten\/ Interessentendaten<\/h3>\n<p><strong>Betroffene Daten:<\/strong><br \/>\nZur Vertragsdurchf\u00fchrung mitgeteilte Daten; ggfs. dar\u00fcber hinaus gehende Daten zur Verarbeitung auf Basis Ihrer ausdr\u00fccklichen Einwilligung.<\/p>\n<p><strong>Verarbeitungszweck:<\/strong><br \/>\nVertragsdurchf\u00fchrung, u.a. Angebote, Auftr\u00e4ge, Verkauf und Rechnungsstellung, Qualit\u00e4tssicherung.<\/p>\n<p><strong>Kategorien von Empf\u00e4ngern:<\/strong><br \/>\n\u00d6ffentliche Stellen bei Vorliegen vorrangiger Rechtsvorschriften<br \/>\nExterne Dienstleister oder sonstige Auftragnehmer, u.a. zur Datenverarbeitung und Hosting, f\u00fcr Versand, Transport und Logistik, Dienstleister zum Druck und Versand von Informationen.<br \/>\nWeitere externe Stellen soweit der Betroffene seine Einwilligung erteilt hat oder eine \u00dcbermittlung aus \u00fcberwiegendem Interesse zul\u00e4ssig ist, u.a. zur Bonit\u00e4tsauskunft bei Kauf auf Rechnung, zum elektronischen Versand von Informationen, zu Qualit\u00e4tssicherungszwecken.<\/p>\n<p><strong>Drittlandtransfers:<\/strong> Keiner<\/p>\n<p><strong>Dauer Datenspeicherung:<\/strong><br \/>\nDie Dauer der Datenspeicherung richtet sich nach den gesetzlichen Aufbewahrungspflichten und betr\u00e4gt in der Regel 10 Jahre.<\/p>\n<h3>Spezifische Angaben zur Verarbeitung von Besch\u00e4ftigtendaten<\/h3>\n<p><strong>Betroffene Daten:<\/strong><br \/>\nZur Vertragsdurchf\u00fchrung mitgeteilte Daten; ggfs. dar\u00fcber hinaus gehende Daten zur Verarbeitung auf Basis Ihrer ausdr\u00fccklichen Einwilligung.<\/p>\n<p><strong>Verarbeitungszweck:<\/strong><br \/>\nVertragsdurchf\u00fchrung im Rahmen des Besch\u00e4ftigungsverh\u00e4ltnisses.<\/p>\n<p><strong>Kategorien von Empf\u00e4ngern:<\/strong><br \/>\n\u00d6ffentliche Stellen bei Vorliegen vorrangiger Rechtsvorschriften, u.a. Finanzamt, Sozialversicherungstr\u00e4ger, Berufsgenossenschaft.<br \/>\nExterne Dienstleister oder sonstige Auftragnehmer, u.a. zur Datenverarbeitung und Hosting, zur Entgeltabrechnung, zur Reisekostenabrechnung, zu Versicherungsleistungen, zur Fahrzeugnutzung.<br \/>\nWeitere externe Stellen soweit der Betroffene seine Einwilligung erteilt hat oder eine \u00dcbermittlung aus \u00fcberwiegendem Interesse zul\u00e4ssig ist, u.a. zu Versicherungsleistungen.<\/p>\n<p><strong>Drittlandtransfers:<\/strong> Keiner<\/p>\n<p><strong>Dauer Datenspeicherung:<\/strong><br \/>\nDie Dauer der Datenspeicherung richtet sich nach den gesetzlichen Aufbewahrungspflichten und betr\u00e4gt in der Regel 10 Jahre.<\/p>\n<h3>Spezifische Angaben zur Verarbeitung von Lieferantendaten<\/h3>\n<p><strong>Betroffene Daten:<\/strong><br \/>\nZur Vertragsdurchf\u00fchrung mitgeteilte Daten; ggfs. dar\u00fcber hinaus gehende Daten zur Verarbeitung auf Basis Ihrer ausdr\u00fccklichen Einwilligung.<\/p>\n<p><strong>Verarbeitungszweck:<\/strong><br \/>\nVertragsdurchf\u00fchrung, u.a. Anfragen, Einkauf, Qualit\u00e4tssicherung.<\/p>\n<p><strong>Kategorien von Empf\u00e4ngern:<\/strong><br \/>\n\u00d6ffentliche Stellen bei Vorliegen vorrangiger Rechtsvorschriften, u.a. Finanzamt, Zoll.<br \/>\nExterne Dienstleister oder sonstige Auftragnehmer, u.a. zur Datenverarbeitung und Hosting, Buchhaltung, Zahlungsabwicklung.<br \/>\nWeitere externe Stellen soweit der Betroffene seine Einwilligung erteilt hat oder eine \u00dcbermittlung aus \u00fcberwiegendem Interesse zul\u00e4ssig ist.<\/p>\n<p><strong>Drittlandtransfers:<\/strong> Keiner<\/p>\n<p><strong>Dauer Datenspeicherung:<\/strong><br \/>\nDie Dauer der Datenspeicherung richtet sich nach den gesetzlichen Aufbewahrungspflichten und betr\u00e4gt in der Regel 10 Jahre.<\/p>\n<h3>Weitere Informationen und Kontakte<\/h3>\n<p>Dar\u00fcber hinaus k\u00f6nnen Sie jederzeit ihre Anspr\u00fcche auf Auskunft, Berichtigung oder L\u00f6schung oder auf Einschr\u00e4nkung der Verarbeitung oder der Wahrnehmung Ihres Widerspruchsrechts gegen die Verarbeitung sowie das Recht auf Daten\u00fcbertragbarkeit geltend machen. Hier finden Sie die M\u00f6glichkeit, uns per Brief an Walter K\u00f6nig Croatia, Kolodvorska 42 in 32100 Vukovar, Kroatien zu kontaktieren. Sie haben au\u00dferdem das Recht, eine Beschwerde bei der kroatischen Agentur f\u00fcr den Schutz personenbezogener Daten (AZOP) einzureichen.<\/p>\n","protected":false},"excerpt":{"rendered":"<p>Datenschutzerkl\u00e4rung der Website und Informationen f\u00fcr betroffene Personen gem\u00e4\u00df Artikel 13 und 14 der EU-Datenschutz-Grundverordnung (DSGVO) Allgemeine Angaben Angaben zur verantwortlichen Stelle Unternehmen: Walter K\u00f6nig Croatia d.o.o. Gesetzlicher Vertreter: Dierk Mohr Adresse: Kolodvorska 42, 32000 Vukovar, Kroatien Kontaktdaten Datenschutzbeauftragter: tajnistvo@koenig-online.net Allgemeine Datenverarbeitungs-Informationen Betroffene Daten: Personenbezogene Daten werden nur erhoben, wenn Sie uns diese von sich [&hellip;]<\/p>\n","protected":false},"author":1,"featured_media":0,"parent":0,"menu_order":0,"comment_status":"closed","ping_status":"closed","template":"","meta":{"footnotes":""},"class_list":["post-812","page","type-page","status-publish","czr-hentry"],"_links":{"self":[{"href":"https:\/\/walter-koenig.hr\/de\/wp-json\/wp\/v2\/pages\/812","targetHints":{"allow":["GET"]}}],"collection":[{"href":"https:\/\/walter-koenig.hr\/de\/wp-json\/wp\/v2\/pages"}],"about":[{"href":"https:\/\/walter-koenig.hr\/de\/wp-json\/wp\/v2\/types\/page"}],"author":[{"embeddable":true,"href":"https:\/\/walter-koenig.hr\/de\/wp-json\/wp\/v2\/users\/1"}],"replies":[{"embeddable":true,"href":"https:\/\/walter-koenig.hr\/de\/wp-json\/wp\/v2\/comments?post=812"}],"version-history":[{"count":12,"href":"https:\/\/walter-koenig.hr\/de\/wp-json\/wp\/v2\/pages\/812\/revisions"}],"predecessor-version":[{"id":2097,"href":"https:\/\/walter-koenig.hr\/de\/wp-json\/wp\/v2\/pages\/812\/revisions\/2097"}],"wp:attachment":[{"href":"https:\/\/walter-koenig.hr\/de\/wp-json\/wp\/v2\/media?parent=812"}],"curies":[{"name":"wp","href":"https:\/\/api.w.org\/{rel}","templated":true}]}}