{"id":846,"date":"2026-03-28T12:25:58","date_gmt":"2026-03-28T11:25:58","guid":{"rendered":"https:\/\/walter-koenig.hr\/web\/?page_id=846"},"modified":"2026-03-30T18:46:00","modified_gmt":"2026-03-30T16:46:00","slug":"impressum","status":"publish","type":"page","link":"https:\/\/walter-koenig.hr\/de\/impressum\/","title":{"rendered":"Impressum"},"content":{"rendered":"<h3>Walter K\u00f6nig Croatia d.o.o.<\/h3>\n<p><strong>Gesch\u00e4ftsf\u00fchrer: Dierk Mohr<br \/>\nProkurator: Goran \u010cuturi\u0107<\/p>\n<p>Kolodvorska 42<br \/>\n32000 Vukovar<br \/>\nKroatien<br \/>\n+385 32 352 797<\/strong><\/p>\n<p>www.walter-koenig.hr<\/p>\n<p>info@koenig-online.net<\/p>\n<p>Umsatzsteuer-Identifikationsnummer: HR 33192761825<\/p>\n<p><strong>Rechtliche Hinweise Urheber-, Marken- und sonstige Schutzrechte<br \/>\nAlle Rechte vorbehalten.<\/strong><\/p>\n<p>Alle Texte, Bilder, Grafiken, Audio-Dateien, Animationen und Videos sowie alle sonstigen Inhalte dieser Webseiten sowie deren Anordnung und Gestaltung unterliegen dem Schutz des Urheberrechts und anderer Schutzgesetze. Der Inhalt dieser Webseiten darf nicht zu kommerziellen und gewerblichen Zwecken kopiert, verbreitet, ver\u00e4ndert oder Dritten zug\u00e4nglich gemacht werden.<\/p>\n<p>Soweit nicht anders angegeben, sind alle Bezeichnungen und\/oder Zeichen auf diesen Webseiten rechtlich gesch\u00fctzt. Dies gilt insbesondere f\u00fcr Marken, Typenschilder, Firmenlogos und Embleme der Walter K\u00f6nig Croatia d.o.o.<br \/>\nAuch die Bezeichnungen und\/oder Zeichen anderer Firmen und\/oder Organisationen, die auf den Webseiten der Walter K\u00f6nig Croatia d.o.o. dargestellt werden, k\u00f6nnen rechtlich gesch\u00fctzt sein.<\/p>\n<p>Durch diese Webseiten wird keine Lizenz zur Nutzung des geistigen Eigentums der Walter K\u00f6nig Croatia d.o.o. oder von Dritten, erteilt.<\/p>\n<p><strong>Verweise (Links, Internetangebote, Dienste Dritter)<\/strong><br \/>\nVon den Webseiten der Walter K\u00f6nig Croatia d.o.o. aus wird durch Links unmittelbar oder mittelbar auf andere Internetauftritte verwiesen. Der Inhalt und die Gestaltung dieser Angebote unterliegen nicht der Kontrolle oder dem Einfluss der Walter K\u00f6nig Croatia d.o.o.<br \/>\nF\u00fcr den Inhalt und die Gestaltung der verlinkten bzw. durch solche Plugins eingebundenen Seiten sind ausschlie\u00dflich deren Betreiber verantwortlich. Die Walter K\u00f6nig Croatia d.o.o. \u00fcbernimmt deshalb daf\u00fcr keine Haftung.<\/p>\n","protected":false},"excerpt":{"rendered":"<p>Walter K\u00f6nig Croatia d.o.o. Gesch\u00e4ftsf\u00fchrer: Dierk Mohr Prokurator: Goran \u010cuturi\u0107 Kolodvorska 42 32000 Vukovar Kroatien +385 32 352 797 www.walter-koenig.hr info@koenig-online.net Umsatzsteuer-Identifikationsnummer: HR 33192761825 Rechtliche Hinweise Urheber-, Marken- und sonstige Schutzrechte Alle Rechte vorbehalten. Alle Texte, Bilder, Grafiken, Audio-Dateien, Animationen und Videos sowie alle sonstigen Inhalte dieser Webseiten sowie deren Anordnung und Gestaltung unterliegen dem [&hellip;]<\/p>\n","protected":false},"author":1,"featured_media":0,"parent":0,"menu_order":0,"comment_status":"closed","ping_status":"closed","template":"","meta":{"footnotes":""},"class_list":["post-846","page","type-page","status-publish","czr-hentry"],"_links":{"self":[{"href":"https:\/\/walter-koenig.hr\/de\/wp-json\/wp\/v2\/pages\/846","targetHints":{"allow":["GET"]}}],"collection":[{"href":"https:\/\/walter-koenig.hr\/de\/wp-json\/wp\/v2\/pages"}],"about":[{"href":"https:\/\/walter-koenig.hr\/de\/wp-json\/wp\/v2\/types\/page"}],"author":[{"embeddable":true,"href":"https:\/\/walter-koenig.hr\/de\/wp-json\/wp\/v2\/users\/1"}],"replies":[{"embeddable":true,"href":"https:\/\/walter-koenig.hr\/de\/wp-json\/wp\/v2\/comments?post=846"}],"version-history":[{"count":6,"href":"https:\/\/walter-koenig.hr\/de\/wp-json\/wp\/v2\/pages\/846\/revisions"}],"predecessor-version":[{"id":856,"href":"https:\/\/walter-koenig.hr\/de\/wp-json\/wp\/v2\/pages\/846\/revisions\/856"}],"wp:attachment":[{"href":"https:\/\/walter-koenig.hr\/de\/wp-json\/wp\/v2\/media?parent=846"}],"curies":[{"name":"wp","href":"https:\/\/api.w.org\/{rel}","templated":true}]}}