{"id":852,"date":"2026-03-28T12:25:58","date_gmt":"2026-03-28T11:25:58","guid":{"rendered":"https:\/\/walter-koenig.hr\/web\/?page_id=852"},"modified":"2026-03-30T18:45:41","modified_gmt":"2026-03-30T16:45:41","slug":"impressum","status":"publish","type":"page","link":"https:\/\/walter-koenig.hr\/en\/impressum\/","title":{"rendered":"Impressum"},"content":{"rendered":"<h3>Walter K\u00f6nig Croatia d.o.o.<\/h3>\n<p><strong>Managing Director: Dierk Mohr<br \/>\nAuthorized Representative: Goran \u010cuturi\u0107<\/p>\n<p>Kolodvorska 42<br \/>\n32000 Vukovar<br \/>\nCroatia<br \/>\n+385 32 352 797<\/strong><\/p>\n<p>www.walter-koenig.hr<\/p>\n<p>info@koenig-online.net<\/p>\n<p>VAT Identification Number: HR 33192761825<\/p>\n<p><strong>Legal Notice: Copyright, Trademark, and Other Intellectual Property Rights<\/strong><\/p>\n<p><strong>All rights reserved.<\/strong><\/p>\n<p>All texts, images, graphics, audio files, animations, and videos, as well as all other content on these websites, including their arrangement and design, are protected by copyright and other intellectual property laws. The content of these websites may not be copied, distributed, modified, or made available to third parties for commercial purposes.<\/p>\n<p>Unless otherwise stated, all designations and\/or trademarks on these websites are legally protected. This applies in particular to trademarks, nameplates, company logos, and emblems of Walter K\u00f6nig Croatia d.o.o.<\/p>\n<p>The names and\/or symbols of other companies and\/or organizations displayed on the Walter K\u00f6nig Croatia d.o.o. websites may also be legally protected.<\/p>\n<p>These websites do not grant any license to use the intellectual property of Walter K\u00f6nig Croatia d.o.o. or third parties.<\/p>\n<p><strong>Links (external links, third-party websites, third-party services)<\/strong><br \/>\nThe Walter K\u00f6nig Croatia d.o.o. websites contain direct or indirect links to other websites. The content and design of these external sites are not under the control or influence of Walter K\u00f6nig Croatia d.o.o.<br \/>\nThe operators of the linked websites or those integrated via plugins are solely responsible for their content and design. Walter K\u00f6nig Croatia d.o.o. therefore accepts no liability for them.<\/p>\n","protected":false},"excerpt":{"rendered":"<p>Walter K\u00f6nig Croatia d.o.o. Managing Director: Dierk Mohr Authorized Representative: Goran \u010cuturi\u0107 Kolodvorska 42 32000 Vukovar Croatia +385 32 352 797 www.walter-koenig.hr info@koenig-online.net VAT Identification Number: HR 33192761825 Legal Notice: Copyright, Trademark, and Other Intellectual Property Rights All rights reserved. All texts, images, graphics, audio files, animations, and videos, as well as all other content [&hellip;]<\/p>\n","protected":false},"author":1,"featured_media":0,"parent":0,"menu_order":0,"comment_status":"closed","ping_status":"closed","template":"","meta":{"footnotes":""},"class_list":["post-852","page","type-page","status-publish","czr-hentry"],"_links":{"self":[{"href":"https:\/\/walter-koenig.hr\/en\/wp-json\/wp\/v2\/pages\/852","targetHints":{"allow":["GET"]}}],"collection":[{"href":"https:\/\/walter-koenig.hr\/en\/wp-json\/wp\/v2\/pages"}],"about":[{"href":"https:\/\/walter-koenig.hr\/en\/wp-json\/wp\/v2\/types\/page"}],"author":[{"embeddable":true,"href":"https:\/\/walter-koenig.hr\/en\/wp-json\/wp\/v2\/users\/1"}],"replies":[{"embeddable":true,"href":"https:\/\/walter-koenig.hr\/en\/wp-json\/wp\/v2\/comments?post=852"}],"version-history":[{"count":2,"href":"https:\/\/walter-koenig.hr\/en\/wp-json\/wp\/v2\/pages\/852\/revisions"}],"predecessor-version":[{"id":855,"href":"https:\/\/walter-koenig.hr\/en\/wp-json\/wp\/v2\/pages\/852\/revisions\/855"}],"wp:attachment":[{"href":"https:\/\/walter-koenig.hr\/en\/wp-json\/wp\/v2\/media?parent=852"}],"curies":[{"name":"wp","href":"https:\/\/api.w.org\/{rel}","templated":true}]}}